{"id":192,"date":"2015-01-02T12:59:54","date_gmt":"2015-01-02T10:59:54","guid":{"rendered":"http:\/\/satakaskelottia.fi\/?page_id=192"},"modified":"2024-10-06T19:07:34","modified_gmt":"2024-10-06T16:07:34","slug":"sakeet-2","status":"publish","type":"page","link":"https:\/\/satakaskelottia.fi\/?page_id=192","title":{"rendered":"Sanat"},"content":{"rendered":"\n<p><strong>Silm\u00e4<\/strong> <strong>kuin<\/strong> <strong>silm\u00e4<\/strong> (2019)<\/p>\n\n\n\n<p>\u00c4l\u00e4 sano ett\u00e4 maailma tuhoutuu<\/p>\n\n\n\n<p>mik\u00e4 l\u00e4htee takaisin ei tuu<\/p>\n\n\n\n<p>\u00e4l\u00e4 sano ett\u00e4 mik\u00e4\u00e4n ei kannata<\/p>\n\n\n\n<p>ett\u00e4 mit\u00e4\u00e4n ei en\u00e4\u00e4 korjata<\/p>\n\n\n\n<p>jos taivas on yll\u00e4 musta<\/p>\n\n\n\n<p>ja paniikkia on ilmassa<\/p>\n\n\n\n<p>syvemm\u00e4ll\u00e4 jatkuu matka<\/p>\n\n\n\n<p>maan p\u00e4\u00e4lt\u00e4 l\u00f6ydy ei suojaa<\/p>\n\n\n\n<p><em>kai v\u00e4kijoukon takana jossain<\/em><\/p>\n\n\n\n<p><em>muistini tuolla puolen<\/em><\/p>\n\n\n\n<p><em>havahdun hereille, vaikenen<\/em><\/p>\n\n\n\n<p><em>kalpenen, unohda en<\/em><\/p>\n\n\n\n<p><em>jos aika riit\u00e4k\u00e4\u00e4n ei<\/em><\/p>\n\n\n\n<p><em>kantamaan loppuun saakka<\/em><\/p>\n\n\n\n<p><em>silm\u00e4 silm\u00e4st\u00e4 on puolet<\/em><\/p>\n\n\n\n<p><em>mit\u00e4 oikein kuvittelet<\/em><\/p>\n\n\n\n<p>vaatii syvemp\u00e4\u00e4 ajattelua<\/p>\n\n\n\n<p>kaivaa itsest\u00e4 esiin voimat<\/p>\n\n\n\n<p>repi\u00e4kseen kuvat alas<\/p>\n\n\n\n<p>ja kuvat niiden takana<\/p>\n\n\n\n<p>erottaa valot varjoista&nbsp;<\/p>\n\n\n\n<p>erottaa roistot rakkaista<\/p>\n\n\n\n<p>nauttia lempe\u00e4\u00e4 tuulta<\/p>\n\n\n\n<p>ennen ajan unohdusta<\/p>\n\n\n\n<p><strong>P\u00e4ivien kuningas <\/strong>(2019)<\/p>\n\n\n\n<p>Unissani hukkuu maailma loputtomaan pime\u00e4\u00e4n<\/p>\n\n\n\n<p>oven takana kaikuvat askeleet raskaat aaveiden<\/p>\n\n\n\n<p>tahtotilat, mielihalut on j\u00e4\u00e4neet taakse tiedottomaan<\/p>\n\n\n\n<p>k\u00e4dess\u00e4ni tyhj\u00e4 kartta, asunnon paljas lattia<\/p>\n\n\n\n<p>t\u00e4t\u00e4 on olla yksin ja etsi\u00e4 kauneutta<\/p>\n\n\n\n<p>v\u00e4ist\u00e4\u00e4 tyhjyytt\u00e4 joka on koko el\u00e4m\u00e4n kokoinen<\/p>\n\n\n\n<p>hukkua niihin vuosiin l\u00f6yt\u00e4m\u00e4tt\u00e4 uutta suuntaa<\/p>\n\n\n\n<p>kylpe\u00e4 paljaana p\u00e4iv\u00e4nvalossa<\/p>\n\n\n\n<p><em>jos sotani \u00e4\u00e4riviivat tuhoavat ty\u00f6st\u00e4ni kauneuden<\/em><\/p>\n\n\n\n<p><em>kosketan kuuta kuin solua l\u00e4pi muistini pimeyden<\/em><\/p>\n\n\n\n<p><em>muodostan tyhjyyteen sanoja joita en osaa lausua<\/em><\/p>\n\n\n\n<p><em>uin vett\u00e4 vastaan niin kuin tuonen mustaan virtaan<\/em><\/p>\n\n\n\n<p>puiden juuret mustuneet ahneiden moottoriteiden varsiin<\/p>\n\n\n\n<p>kuolleiden \u00f6ljyt voideltu maksoihin el\u00e4vien<\/p>\n\n\n\n<p>paratiisista karkotetut etsiv\u00e4t kartoiltansa taivasta<\/p>\n\n\n\n<p>huomaamatta vaihtuvat vuodet ja kaupungit sortuvat<\/p>\n\n\n\n<p><em>tummemmat rannat<\/em><\/p>\n\n\n\n<p><em>tummemmat hiekat<\/em><\/p>\n\n\n\n<p><em>hiekka lasissa<\/em><\/p>\n\n\n\n<p><em>on P\u00e4ivien kuningas<\/em><\/p>\n\n\n\n<p><strong>Heiluri<\/strong> (2018)<\/p>\n\n\n\n<p>Upposin syvemm\u00e4lle el\u00e4m\u00e4ni haamuihin<\/p>\n\n\n\n<p>ja kadotin suuntavaiston, vajosin, vajosin, vajosin<\/p>\n\n\n\n<p>mist\u00e4 kaivaa tahtoa paitsi tavoitteista ja matkanteosta<\/p>\n\n\n\n<p>huimaavimmat syvyydet k\u00e4yv\u00e4t kuolemaksi<\/p>\n\n\n\n<p>kuilussa pimeys on paksu mutta pudonnut on sokea<\/p>\n\n\n\n<p>juoksen unessa niin kuin kuolen ep\u00e4ilysten tuolle puolen<\/p>\n\n\n\n<p>jos osaisin el\u00e4\u00e4 oikein antaisin taivaspaikkani<\/p>\n\n\n\n<p>etsin kuivaa maata<\/p>\n\n\n\n<p><em>tuhat kertaa k\u00e4yt l\u00e4hell\u00e4 kuolemaa<\/em><\/p>\n\n\n\n<p>el\u00e4m\u00e4 on julmaa siksi kukaan ei pysy j\u00e4rjiss\u00e4\u00e4n<\/p>\n\n\n\n<p>sit\u00e4 toivoo helpotusta edes v\u00e4h\u00e4ksi aikaa<\/p>\n\n\n\n<p>n\u00e4m\u00e4 ovat vaietut voimat: rohkeus ja selk\u00e4ranka<\/p>\n\n\n\n<p>sotaratsut mielemme takana<\/p>\n\n\n\n<p><em>tuhat kertaa k\u00e4yt el\u00e4m\u00e4n rajalla<\/em><\/p>\n\n\n\n<p><\/p>\n\n\n\n<p><\/p>\n\n\n\n<p><\/p>\n\n\n\n<p><\/p>\n\n\n\n<p><\/p>\n\n\n\n<p><\/p>\n\n\n\n<p><\/p>\n\n\n\n<p><\/p>\n\n\n\n<p><\/p>\n\n\n\n<p><\/p>\n\n\n\n<p><\/p>\n\n\n\n<p><\/p>\n\n\n\n<p><\/p>\n\n\n\n<p><\/p>\n\n\n\n<p><\/p>\n\n\n\n<p><\/p>\n\n\n\n<p><\/p>\n\n\n\n<p><\/p>\n\n\n\n<p><\/p>\n\n\n\n<p><\/p>\n\n\n\n<p><\/p>\n\n\n\n<p><\/p>\n\n\n\n<p><\/p>\n\n\n\n<p><\/p>\n\n\n\n<p><\/p>\n\n\n\n<p><\/p>\n\n\n\n<p><\/p>\n\n\n\n<p><\/p>\n\n\n\n<p><\/p>\n\n\n\n<p><\/p>\n\n\n<p><strong>Syd\u00e4n on vuori (2018)<\/strong><\/p>\n<ol>\n<li>Aamumandaatti<\/li>\n<li>Leskentekij\u00e4<\/li>\n<li>Parantaja<\/li>\n<li>Samarkand<\/li>\n<li>Syd\u00e4n on vuori<\/li>\n<li>Ennen kuin sateet alkavat<\/li>\n<li>Musta t\u00e4hti<\/li>\n<li>Lumimies<\/li>\n<li>Ovet<\/li>\n<\/ol>\n<p><strong>Aamumandaatti<\/strong><\/p>\n<p>Kun olet kaksikymment\u00e4kaksi saat kaiken anteeksi<\/p>\n<p>ei oo tiet\u00e4 helppoo<\/p>\n<p>j\u00e4t\u00e4t j\u00e4lkeesi ruumiin taikka kaksi se muuttuu paremmaksi<\/p>\n<p>ei oo tiet\u00e4 helppoo<\/p>\n<p><em>el\u00e4m\u00e4ll\u00e4 ei ole suuntaa, j\u00e4lki\u00e4 katsot taaksep\u00e4in<\/em><\/p>\n<p><em>ei oo syyt\u00e4 pelkoon<\/em><\/p>\n<p><em>pimeydell\u00e4 ei ole pohjaa horisontti edess\u00e4p\u00e4in<\/em><\/p>\n<p><em>ei oo syyt\u00e4 pelkoon<\/em><\/p>\n<p>jos t\u00e4sm\u00e4l\u00e4\u00e4ke kriisiin on unohdus tai kuolema<\/p>\n<p>ei oo tiet\u00e4 helppoo<\/p>\n<p>mit\u00e4 kannat sis\u00e4ll\u00e4si niist\u00e4 on viimein valittava<\/p>\n<p>ei oo tiet\u00e4 helppoo<\/p>\n<p>onko maailma pulma<\/p>\n<p>ratkaistava ongelma<\/p>\n<p>laupeuden tilalla usko siihen<\/p>\n<p>ett\u00e4 on loppuun asti oikeassa<\/p>\n<p>p\u00e4\u00e4m\u00e4\u00e4r\u00e4n kadotit<\/p>\n<p>ei ole muuta jumalaa<\/p>\n<p>halusit lopun, maalitaulun<\/p>\n<p>halusit uuden alun<\/p>\n<p><em>joka sanoo ett\u00e4 maailma on sekaisin ja yksin\u00e4isill\u00e4<\/em><\/p>\n<p><em>ei oo syyt\u00e4 pelkoon<\/em><\/p>\n<p><em>on vapaa unelmoimaan vapautensa edest\u00e4<\/em><\/p>\n<p><em>ei oo syyt\u00e4 pelkoon<\/em><\/p>\n<p><strong>Leskentekij\u00e4<\/strong><\/p>\n<p>Makasin avuttomana pitki\u00e4 aikoja<\/p>\n<p>taivaan \u00e4\u00e4rell\u00e4 en kuullut en\u00e4\u00e4 siipien havinaa<\/p>\n<p>olin kai kuollut tai v\u00e4synyt raskaisiin \u00e4\u00e4niin<\/p>\n<p>kun el\u00e4m\u00e4 pimeydess\u00e4 on y\u00f6t\u00e4 vailla valoa<\/p>\n<p><em>uneksin silm\u00e4t auki uneksin tuhkaksi koko maan<\/em><\/p>\n<p><em>unelmoin ettei maailmaa ollut koskaan ollutkaan<\/em><\/p>\n<p>\u00e4l\u00e4 pys\u00e4hdy paikallesi kun pit\u00e4isi k\u00e4vell\u00e4 pois<\/p>\n<p>siihen ovat monet t\u00e4\u00e4ll\u00e4 kuolleet<\/p>\n<p>j\u00e4\u00e4neet odottamaan uutta alkua, mullistusta, katastrofia<\/p>\n<p>t\u00f6rm\u00e4nneet sein\u00e4\u00e4n miss\u00e4 ei ole polkua<\/p>\n<p>enemm\u00e4n kuin horisonttia<\/p>\n<p>ep\u00e4ilen uutta huomista<\/p>\n<p>ja kun aurinko nousee taivaalta<\/p>\n<p>en odota en\u00e4\u00e4 muuta<\/p>\n<p><em>uneksin silm\u00e4t auki uneksin tuhkaksi koko maan<\/em><\/p>\n<p><em>unelmoin ettei maailmaa ollut koskaan ollutkaan<\/em><\/p>\n<p><strong>Parantaja<\/strong><\/p>\n<p>Pystytk\u00f6 en\u00e4\u00e4 parempaan<\/p>\n<p>opitko ajoissa luopumaan<\/p>\n<p>kun haavat kadottavat tarkoituksensa<\/p>\n<p>etsitk\u00f6 turhaan parantajaa<\/p>\n<p>jokin tie on kuljettu<\/p>\n<p>el\u00e4v\u00e4lt\u00e4 haudattu<\/p>\n<p>luovuttaa voi aina kyll\u00e4<\/p>\n<p>tai hakata p\u00e4\u00e4t\u00e4\u00e4n sein\u00e4\u00e4n<\/p>\n<p>osaatko viel\u00e4 k\u00e4sitell\u00e4<\/p>\n<p>myrsky\u00e4 tyynen edell\u00e4<\/p>\n<p>onko helpompaa ottaa kylm\u00e4<\/p>\n<p>ulkoa my\u00f6s sis\u00e4\u00e4ns\u00e4<\/p>\n<p>on sinussa sanat suljetut<\/p>\n<p>ja niiss\u00e4 kivun nuotti<\/p>\n<p>parantajan haudan yll\u00e4<\/p>\n<p>syd\u00e4n etsii l\u00e4\u00e4kett\u00e4<\/p>\n<p><em>tied\u00e4n ett\u00e4 vapaus on vankila niille joilla ei ole kotia<\/em><\/p>\n<p><em>on suunta paremmasta kadonnut savuna ilmaan<\/em><\/p>\n<p><em>ja jos valitsitkin v\u00e4\u00e4r\u00e4n tien ei mik\u00e4\u00e4n ollut turhaa<\/em><\/p>\n<p><em>se vapaus joka rintaasi puristi on kadonnut jo ilmaan<\/em><\/p>\n<p><em>osaatko viel\u00e4 k\u00e4sitell\u00e4 myrsky\u00e4 tyynen edell\u00e4<\/em><\/p>\n<p><em>uhrata itsesi jotta n\u00e4m\u00e4 ihmiset saisivat el\u00e4\u00e4<\/em><\/p>\n<p><strong>Samarkand<\/strong><\/p>\n<p>Kun portit on auki<\/p>\n<p>varjo t\u00e4st\u00e4 maailmasta<\/p>\n<p>antaa auringon tulla<\/p>\n<p>n\u00e4ihin pimeisiin huoneisiin<\/p>\n<p>siell\u00e4 kahden tien risteyksess\u00e4<\/p>\n<p>olen j\u00e4\u00e4nyt lep\u00e4\u00e4m\u00e4\u00e4n<\/p>\n<p>odottamaan uutta alkua<\/p>\n<p>ett\u00e4 saisi l\u00e4hte\u00e4<\/p>\n<p>seist\u00e4 vuoren harjalla<\/p>\n<p>aamun kirkkaassa valossa<\/p>\n<p>kuulla ovien sulkeutuvan<\/p>\n<p>kaukana<\/p>\n<p>se on labyrintti<\/p>\n<p>otatko menneen vai tulevan<\/p>\n<p>mill\u00e4 kielell\u00e4 puhut<\/p>\n<p>kun et huomaa eroa<\/p>\n<p><em>kuin vieras omissa unissa<\/em><\/p>\n<p><em>monoliitti silm\u00e4t ummessa<\/em><\/p>\n<p><em>on k\u00e4dess\u00e4 k\u00f6ysi<\/em><\/p>\n<p><em>miten hyvin nukut y\u00f6si<\/em><\/p>\n<p><em>n\u00e4en pelon silmist\u00e4si<\/em><\/p>\n<p><em>menetitk\u00f6 el\u00e4m\u00e4si<\/em><\/p>\n<p><em>joka muuttui taipaleeksi<\/em><\/p>\n<p><em>jos en\u00e4\u00e4 kotiin l\u00f6ysit<\/em><\/p>\n<p><strong>Syd\u00e4n on vuori<\/strong><\/p>\n<p>Vessassa ei oo valoa<\/p>\n<p>vain pimeys minut rauhoittaa<\/p>\n<p>on idiootin varmuus<\/p>\n<p>oikeasta suunnasta<\/p>\n<p>ennen lopullista matkaa<\/p>\n<p>ihmisyydest\u00e4 luopumista<\/p>\n<p>on el\u00e4m\u00e4n mittainen kangastus<\/p>\n<p>tyhjyyden reunalla<\/p>\n<p>syd\u00e4n on vuori takana<\/p>\n<p>n\u00e4iden maiden pimeiden<\/p>\n<p>se on ainoa mink\u00e4 tarvitset<\/p>\n<p>mik\u00e4\u00e4n muu ei merkitse<\/p>\n<p>ennen uutta maailmanloppua<\/p>\n<p>olitko olemassa?<\/p>\n<p>ennen viimeist\u00e4 auringonnousua<\/p>\n<p>el\u00e4m\u00e4nlangassa<\/p>\n<p>usko ett\u00e4 el\u00e4m\u00e4 voittaa<\/p>\n<p>usko ettei mik\u00e4\u00e4n merkitse<\/p>\n<p>sen v\u00e4hemp\u00e4\u00e4 kuin valtias<\/p>\n<p>voimassaan<\/p>\n<p><strong>Ennen kuin sateet alkavat<\/strong><\/p>\n<p>Jos painovoima vet\u00e4\u00e4 meid\u00e4t alemmas<\/p>\n<p>olemme rukouksia ennen meit\u00e4 kuolleiden<\/p>\n<p>pakenemme alta ennen kuin sateet alkavat<\/p>\n<p>on raja siell\u00e4 minne piirr\u00e4mme aaveemme<\/p>\n<p><em>tunnet k\u00e4\u00e4rmeesi <\/em><\/p>\n<p><em>tied\u00e4t hyvin mist\u00e4 luovut <\/em><\/p>\n<p><em>tied\u00e4t mit\u00e4 menet\u00e4t<\/em><\/p>\n<p><em>ole t\u00e4ysi kokemus <\/em><\/p>\n<p><em>t\u00e4st\u00e4 maailmasta<\/em><\/p>\n<p><em>jos on niin ett\u00e4 emme n\u00e4e en\u00e4\u00e4 <\/em><\/p>\n<p><em>etsi kuivaa maata ennen aamunkoittoa<\/em><\/p>\n<p><em>se on kutsu<\/em><\/p>\n<p><em>kadotukseen tai huomiseen<\/em><\/p>\n<p><em>jos k\u00e4perryt palelemaan<\/em><\/p>\n<p><em>voi olla etten t\u00f6rm\u00e4\u00e4<\/em><\/p>\n<p><em>en\u00e4\u00e4 sinun kaltaiseen<\/em><\/p>\n<p><strong>Musta t\u00e4hti<\/strong><\/p>\n<p>L\u00e4hdet tai j\u00e4\u00e4t pys\u00e4hdyt, et liiku minnek\u00e4\u00e4n<\/p>\n<p>puhut tai kuuntelet ei katkaistu kieli vastaa en\u00e4\u00e4<\/p>\n<p>minut vai sinut kumman parannat<\/p>\n<p>otat tai annat luovut tai kannat mukana<\/p>\n<p>hautaako kaivan l\u00e4pi j\u00e4rven j\u00e4\u00e4n<\/p>\n<p>syd\u00e4melle ja sanoille jotka t\u00e4n\u00e4\u00e4n hylk\u00e4\u00e4n<\/p>\n<p>auringon vai kuun kumman pudotat<\/p>\n<p>sammut tai palat kannat arpesi mukana<\/p>\n<p><em>ja aamu pett\u00e4\u00e4 meid\u00e4t<\/em><\/p>\n<p><em>auringon hylk\u00e4\u00e4m\u00e4t<\/em><\/p>\n<p><em>syd\u00e4mien tyhj\u00e4t k\u00e4yt\u00e4v\u00e4t<\/em><\/p>\n<p><em>aseemme t\u00e4ytt\u00e4v\u00e4t<\/em><\/p>\n<p><em>aiotko jatkaa viel\u00e4<\/em><\/p>\n<p><em>kun ei mit\u00e4\u00e4n oo j\u00e4ljell\u00e4<\/em><\/p>\n<p><em>ne meid\u00e4t taakseen heitt\u00e4v\u00e4t<\/em><\/p>\n<p><em>j\u00e4lkemme peitt\u00e4v\u00e4t<\/em><\/p>\n<p><em>t\u00e4m\u00e4 viimeinen paikka joka on viel\u00e4 kartalla<\/em><\/p>\n<p><em>on mets\u00e4 kuolemaa paenneiden<\/em><\/p>\n<p><em>t\u00e4m\u00e4 viimeinen sota jota emme voi voittaa<\/em><\/p>\n<p><em>on iskumme uhri viimeinen<\/em><\/p>\n<p><em>ennen kuin taivas sortuu kaukana<\/em><\/p>\n<p><em>ja norsunluutorni takana jokaisen p\u00e4\u00e4t\u00f6ksen<\/em><\/p>\n<p><em>olen kauempana alkuper\u00e4st\u00e4 ja rauhasta <\/em><\/p>\n<p><em>kuin musta t\u00e4hti yll\u00e4 aamun olen se taivaalla<\/em><\/p>\n<p><strong>Lumimies<\/strong><\/p>\n<p>On aika kuin lumimies sen n\u00e4kee ken tahtoo<\/p>\n<p>sen j\u00e4lki\u00e4 seurata tarvitse ei<\/p>\n<p>ei taistella vastaan kun tuuli ulvoo<\/p>\n<p>ja kasvoja vasten ly\u00f6 ankarat laineet<\/p>\n<p>ja poissa on ihminen, rappeutunut<\/p>\n<p>luutunut hymy on kasvoilla sen<\/p>\n<p>ja poissa on maailma, muuttunut<\/p>\n<p>kai alle ajan ienten<\/p>\n<p><em>unohdin ja katosin<\/em><\/p>\n<p><em>niin kuin varjot seuranneet<\/em><\/p>\n<p><em>ja ent\u00e4 sitten jos eksyinkin<\/em><\/p>\n<p><em>tekisin kaiken uudelleen<\/em><\/p>\n<p><em>jos kuulisin viel\u00e4 jumalan \u00e4\u00e4nen<\/em><\/p>\n<p><em>en tied\u00e4 kumpaa seuraisin<\/em><\/p>\n<p><em>omaani vai j\u00e4lki\u00e4si<\/em><\/p>\n<p><em>on varjot hiekkaan hautautuneet<\/em><\/p>\n<p><strong>Ovet<\/strong><\/p>\n<p><em>Horisontin reunalta on suora putous pime\u00e4\u00e4n<\/em><\/p>\n<p>y\u00f6 ei tunne tarkoitusta<\/p>\n<p>miss\u00e4 putosit alle pinnan pohjattomaan pime\u00e4\u00e4n<\/p>\n<p>musta valo paloi rannassa<\/p>\n<p>siit\u00e4 kaksi askelta ja y\u00f6 on takana<\/p>\n<p>henki kunnossa ruumis haavoilla<\/p>\n<p>kysymysten tarve on pirun voimakas<\/p>\n<p>se vet\u00e4\u00e4 puolet yl\u00f6s puolet alemmas<\/p>\n<p><em>kun sanat on sanottu<\/em><\/p>\n<p><em>ja kaikkein vaikeimmat p\u00e4\u00e4t\u00f6kset<\/em><\/p>\n<p><em>ovat takana<\/em><\/p>\n<p><em>voi sade lakata<\/em><\/p>\n<p><em>se meri on musta<\/em><\/p>\n<p><em>ja ilma on raikasta<\/em><\/p>\n<p><em>vapaus pelkki\u00e4 sanoja suussa<\/em><\/p>\n<p><em>jossain kaukana<\/em><\/p>\n<p><em>ehk\u00e4 sade peitt\u00e4\u00e4 ikkunan<\/em><\/p>\n<p><em>kun saavut tyhj\u00e4\u00e4n huoneeseen<\/em><\/p>\n<p><em>sen oven takana ei ole<\/em><\/p>\n<p><em>mit\u00e4\u00e4n muutakaan<\/em><\/p>\n<p><em>se on totuus jonka silmist\u00e4 valuu vesi hiljaa tyhjyyteen<\/em><\/p>\n<p><em>se on valo<\/em><\/p>\n<p><em>joka ei piittaa<\/em><\/p>\n<p><em>se on tie eteiseen<\/em><\/p>\n<\/p>\n<p style=\"text-align: left;\"><strong>Sata kaskelottia (2015)<\/strong><\/p>\n<ol style=\"text-align: left;\">\n<li>Huuto<\/li>\n<li>Y\u00f6 on ohi<\/li>\n<li>Ikuturso<\/li>\n<li>Veden alle<\/li>\n<li>Kynt\u00f6<\/li>\n<li>Suljetun huoneen samurai<\/li>\n<li>Jumalan \u00e4\u00e4ni<\/li>\n<li>Kansalainen zombie<\/li>\n<li>Merimies<\/li>\n<\/ol>\n<ol>\n<li><strong> Huuto<\/strong><\/li>\n<\/ol>\n<p>Saanut inspiraationsa Allen Ginsbergin runosta Howl. Kertoja katsoo yhteiskuntaa vieraana, mutta ei osaa p\u00e4\u00e4tt\u00e4\u00e4 haluaako osallistua, kun sekamelska oman p\u00e4\u00e4n sis\u00e4ll\u00e4 on yht\u00e4 iso kuin kaikenlaisten suhareiden aiheuttama ulkopuolella. Syrj\u00e4ytyneen kamppailu itse\u00e4\u00e4n suurempia mekanismeja vastaan vaatii rohkeutta, ellei sitten hulluutta ja arvojensa myymist\u00e4.<\/p>\n<p>Seurasin \u00e4\u00e4ni\u00e4 p\u00e4\u00e4ni sis\u00e4ll\u00e4<\/p>\n<p>polkua paikkoihin joita ei ollut siell\u00e4<\/p>\n<p>j\u00e4rjen valo vei minut pime\u00e4\u00e4n miss\u00e4<\/p>\n<p>odotan aamun saapumista malttamatta nukahtaa<\/p>\n<p><em>min\u00e4 n\u00e4in sukupolveni parhaiden mielten tuhoutuvan<\/em><\/p>\n<p><em>ahdas on viitta johon tarve peittelee lapsensa<\/em><\/p>\n<p><em>min\u00e4 n\u00e4in suurten aaltojen k\u00e4\u00e4ntyv\u00e4n meit\u00e4 vastaan meress\u00e4<\/em><\/p>\n<p>ei niiss\u00e4 uiminen vaadi lahjoja vaan uskoa itseens\u00e4<\/p>\n<p>kuljin tyhj\u00e4t kadut ohi patsaiden<\/p>\n<p>joiden merkityst\u00e4 ymm\u00e4rt\u00e4nyt en<\/p>\n<p>nyt etsin vapautta muistojen is\u00e4lt\u00e4<\/p>\n<p>p\u00e4ivien kirkkautta \u00f6iden sis\u00e4lt\u00e4<\/p>\n<ol start=\"2\">\n<li><strong> Y\u00f6 on ohi<\/strong><\/li>\n<\/ol>\n<p>Kuningasriffi, joka on toiminut liven\u00e4 kuin rutto. Teksti jatkaa siit\u00e4 mihin Huuto j\u00e4\u00e4, mutta t\u00e4ss\u00e4 on pilkett\u00e4 silm\u00e4kulmassa. Ehk\u00e4 hahmo on el\u00e4m\u00e4ss\u00e4\u00e4n eksynyt, ehk\u00e4 aika on pys\u00e4htynyt, tai sitten h\u00e4nell\u00e4 on vain darra. Biisin tunnelma on kaikesta huolimatta juhlava.<\/p>\n<p>Min\u00e4 havahduin hereille t\u00e4n\u00e4\u00e4n my\u00f6h\u00e4\u00e4n<\/p>\n<p>p\u00e4iv\u00e4nvaloa jatkuu viel\u00e4 hetken, ei pidemp\u00e4\u00e4n<\/p>\n<p>kadotin kai j\u00e4lkesi joita viel\u00e4 seurasin<\/p>\n<p>ne jotka on j\u00e4ljell\u00e4 ei vie minnek\u00e4\u00e4n<\/p>\n<p>min\u00e4 nousen yl\u00f6s haparoiden<\/p>\n<p>ja tamppaan lattialle tomuun k\u00e4yt\u00e4v\u00e4n<\/p>\n<p>sanat jotka s\u00e4\u00e4stet\u00e4\u00e4n viimeisiksi ne min\u00e4 s\u00e4\u00e4stin<\/p>\n<p>ja pime\u00e4n reunalle askellan nyk\u00e4yksin<\/p>\n<p><em>kun y\u00f6 on ohi her\u00e4\u00e4n v\u00e4\u00e4r\u00e4\u00e4n paikkaan v\u00e4\u00e4r\u00e4\u00e4n aikaan<\/em><\/p>\n<p><em>t\u00e4h\u00e4n itsep\u00e4isyys johti t\u00e4t\u00e4k\u00f6 nyt vapaus tarkoittaa<\/em><\/p>\n<p><em>nyt mietin miss\u00e4 vaiheessa valve muuttui painajaiseksi<\/em><\/p>\n<p><em>oli teht\u00e4v\u00e4 valintoja<\/em><\/p>\n<p><em>en koskaan uskonut ett\u00e4 eksyisin t\u00e4nne ikuisesti<\/em><\/p>\n<p><em>en koskaan uskonut ett\u00e4 rakkaus muuttuisi kiroukseksi<\/em><\/p>\n<p><em>kun y\u00f6 on ohi her\u00e4\u00e4n v\u00e4\u00e4r\u00e4\u00e4n paikkaan v\u00e4\u00e4r\u00e4\u00e4n aikaan<\/em><\/p>\n<p><em>t\u00e4h\u00e4n itsep\u00e4isyys johti<\/em><\/p>\n<ol start=\"3\">\n<li><strong> Ikuturso<\/strong><\/li>\n<\/ol>\n<p>Raskas, seitsem\u00e4\u00e4n menev\u00e4 riffi, joka vy\u00f6ryy ylitse kuin lauma suurikokoisia merinis\u00e4kk\u00e4it\u00e4. Sanoitusta inspiroi alunperin Eino Leinon runo, mutta prosessin my\u00f6t\u00e4 eloon ei j\u00e4\u00e4nyt muuta kuin otsikko. Loppupuoliskon kitarah\u00f6yst\u00f6jen soittaminen liven\u00e4 on kuin rahaa sataisi taivaalta. You wish!<\/p>\n<p>Olen repinyt sieluni rikki<\/p>\n<p>vapaudenjanoni hinnalla<\/p>\n<p>katsellut pime\u00e4n reunalla<\/p>\n<p>liikkuvia ihmishahmoja<\/p>\n<p>me n\u00e4imme kaukaiset roviot<\/p>\n<p>kaupungin \u00e4\u00e4riviivat<\/p>\n<p>unenmustat mastot jotka<\/p>\n<p>upposi meren pohjaan<\/p>\n<p><em>ei, en ole parempi kuin sin\u00e4<\/em><\/p>\n<p><em>ei, en ole pahempi kuin sin\u00e4<\/em><\/p>\n<p>sinulle annettiin kartat<\/p>\n<p>joihin verrata el\u00e4m\u00e4\u00e4<\/p>\n<p>kun rakensit kaupungin<\/p>\n<p>j\u00e4ik\u00f6 k\u00e4teesi niit\u00e4k\u00e4\u00e4n<\/p>\n<p>olitko jo eksynyt<\/p>\n<p>kun h\u00e4visit lakeihin<\/p>\n<p>kun syd\u00e4mesi katosi<\/p>\n<p>vallan saleihin<\/p>\n<p><em>olivatko ne minun k\u00e4teni<\/em><\/p>\n<p><em>vai minun mieleni<\/em><\/p>\n<p><em>joka repi el\u00e4m\u00e4n irti<\/em><\/p>\n<p><em>raajani kappaleiksi<\/em><\/p>\n<p><em>sano, oliko maailma jo mennyt<\/em><\/p>\n<p><em>vai murhe minun mieleni<\/em><\/p>\n<p><em>kuin eilist\u00e4 ei olisi<\/em><\/p>\n<p><em>kuin huomista ei tulisi<\/em><\/p>\n<ol start=\"4\">\n<li><strong> Veden alle<\/strong><\/li>\n<\/ol>\n<p>Levyn yleistunnelmaa kevent\u00e4v\u00e4 progebiisi, jossa noustaan siiville mutta p\u00e4\u00e4dyt\u00e4\u00e4n kitarasoolojen my\u00f6t\u00e4 meren syvyyksiin kuin taivaalta ammuttu kotka. Linnusta syv\u00e4nmeren kalastajaksi.<\/p>\n<p>Taivas tummui eilen<\/p>\n<p>nosti ukkosen tulvan kaduille<\/p>\n<p>jos yksik\u00e4\u00e4n silta ei kanna<\/p>\n<p>ampukaa tarkastaja aavikon juurella<\/p>\n<p>huipulla viima on j\u00e4\u00e4t\u00e4<\/p>\n<p>ja viimeinen p\u00e4iv\u00e4 on kylm\u00e4<\/p>\n<p>korkealla meren yll\u00e4<\/p>\n<p>hukkuu maailma taivaiden takana<\/p>\n<p><em>ja kasvojaan veden pintaan peilaavat<\/em><\/p>\n<p><em>sy\u00f6nein\u00e4 juoneina ne jotka voivat<\/em><\/p>\n<p><em>tyhjyyteen vuoteellani tuijotan<\/em><\/p>\n<p><em>ennen kuin vajoan veden alle<\/em><\/p>\n<p>taivas tummui eilen<\/p>\n<p>nosti ukkosen tulvan kaduille<\/p>\n<p>ennen kuin yksik\u00e4\u00e4n silta kantaa<\/p>\n<p>lenn\u00e4n unessa kirkkaalla taivaalla<\/p>\n<ol start=\"5\">\n<li><strong> Kynt\u00f6<\/strong><\/li>\n<\/ol>\n<p>Hidasliikkeinen ja progressiivinen virsi, jonka mielenmaisema on y\u00f6llinen, kylm\u00e4 t\u00e4htitaivas j\u00e4isen kent\u00e4n yll\u00e4. Alun lead on Matin suusta, kun taas biisin lopussa on joku sanonut kuulleensa kaikuja Solstafirista.<\/p>\n<p><em>Vie se pois<\/em><\/p>\n<p><em>ota pois<\/em><\/p>\n<p>ne tulivat ja tuhosivat maailman<\/p>\n<p>ennen kuin osasin sanoa<\/p>\n<p>mik\u00e4 on v\u00e4\u00e4r\u00e4 ja oikea<\/p>\n<p>ne tuhosivat<\/p>\n<p>aikavarkaat<\/p>\n<p>on kylm\u00e4 ja kylmempi maailma<\/p>\n<p>tuon kylm\u00e4n taivaan takana<\/p>\n<p>sammutti t\u00e4hden kerrallaan<\/p>\n<p>ja tuhosivat<\/p>\n<p>aikavarkaat<\/p>\n<ol start=\"6\">\n<li><strong> Suljetun huoneen samurai<\/strong><\/li>\n<\/ol>\n<p>Murhaava keikkabiisi ja punk-rypistys, jossa kertoja on joko menett\u00e4nyt j\u00e4rkens\u00e4 tai sitten kaikki muut ovat hulluja. Nyrj\u00e4hdet\u00e4\u00e4nk\u00f6 t\u00e4ss\u00e4 suljetulla osastolla vai onko h\u00e4n oman p\u00e4\u00e4ns\u00e4 sis\u00e4isen dekkarin vanki, j\u00e4\u00e4 vaille vastausta. Shake your booty!<\/p>\n<p>N\u00e4etk\u00f6 ruumiit lattialla<\/p>\n<p>ne liikkuvat mutta ovat kuolleita<\/p>\n<p>t\u00e4\u00e4ll\u00e4 tapahtunut rikos<\/p>\n<p>ei sovi paikkaansa<\/p>\n<p>sein\u00e4n takana ulvoo hukka<\/p>\n<p>joka rakentaa maineen, rahan<\/p>\n<p>kulkee talouden valtateit\u00e4<\/p>\n<p>levein askelin<\/p>\n<p>joka sanelee meille<\/p>\n<p>miten meid\u00e4n tulee el\u00e4\u00e4<\/p>\n<p>joka sanelee teille<\/p>\n<p>miten teid\u00e4n tulee el\u00e4\u00e4<\/p>\n<p><em>askel murhaajan rooliin tai muutto etel\u00e4\u00e4n<\/em><\/p>\n<p><em>olet syyllinen siihen ett\u00e4 tuhlaat el\u00e4m\u00e4\u00e4<\/em><\/p>\n<p><em>ennen kuin k\u00e4\u00e4ntyy vuodet varjoiksi vasten<\/em><\/p>\n<p><em>halkeilevaa ihon kalvoa kai l\u00f6yd\u00e4t tiesi kotiin?<\/em><\/p>\n<ol start=\"7\">\n<li><strong> Jumalan \u00e4\u00e4ni<\/strong><\/li>\n<\/ol>\n<p>Konstailematon rock-raita, jonka kertos\u00e4e k\u00e4ytt\u00e4ytyy kuin joukko p\u00e4\u00e4lle rynt\u00e4\u00e4vi\u00e4 bulldogeja. Raporttia lukee arvonsa kadottanut ja oravanpy\u00f6r\u00e4ss\u00e4 tahdottomana hyrr\u00e4\u00e4v\u00e4 hiilikaivosty\u00f6ntekij\u00e4, joka ei tarkemmin en\u00e4\u00e4 tied\u00e4 kenen laskuun toimii.<\/p>\n<p>Maailma on muuttunut uneksi nukkuvan vampyyrin<\/p>\n<p>kuka imi tiest\u00e4 valon kenen vaatteet vedin p\u00e4\u00e4lleni<\/p>\n<p>kun sokean ihmisen tahto kirjataan uuteen hankkeeseen<\/p>\n<p>tie revit\u00e4\u00e4n rikki, sanotaan maailman \u00e4\u00e4ri on portti taivaaseen<\/p>\n<p><em>etsitk\u00f6 lumihangessa kadonnutta jumalaa<\/em><\/p>\n<p><em>jota ei ole olemassa josta j\u00e4rki kielt\u00e4\u00e4 puhumasta<\/em><\/p>\n<p><em>viikkoja noenmustaa unta kuukaudet valveilla<\/em><\/p>\n<p><em>kulisseissa liikkuvat hahmot joilla ei ole kasvoja<\/em><\/p>\n<p>asiat jotka tulee ymm\u00e4rt\u00e4\u00e4<\/p>\n<p>tai olla ajattelematta alkuunkaan<\/p>\n<p>kuolleiden huuto taivaalla kaikuina ilmansuunnissa<\/p>\n<p>syd\u00e4n on aavekaupunki mutta iho on viel\u00e4 l\u00e4mmin<\/p>\n<ol start=\"8\">\n<li><strong> Kansalainen zombie<\/strong><\/li>\n<\/ol>\n<p>Zombie ei tied\u00e4 mist\u00e4 on tulossa ja minne menee, mit\u00e4 ajattelee ja mit\u00e4 el\u00e4m\u00e4lt\u00e4\u00e4n haluaa. Kuva syrj\u00e4ytyneest\u00e4 kansalaisesta, jolla ei ole vaikutusmahdollisuuksia eik\u00e4 v\u00e4ltt\u00e4m\u00e4tt\u00e4 siihen kiinnostustakaan. Ehk\u00e4p\u00e4 takana on murtunut mieli, kapina tai hukattu yhteys itseen ja muihin ihmisiin.<\/p>\n<p>Kun ajattelen asioita en tunnista itse\u00e4ni<\/p>\n<p>siit\u00e4 henkil\u00f6st\u00e4 joka olin kun katosin kartalta<\/p>\n<p>puhuin tieni syd\u00e4meen naisen mutta en l\u00f6yt\u00e4nyt sielt\u00e4 ulos<\/p>\n<p>enk\u00e4 en\u00e4\u00e4 perille sinne mist\u00e4 joskus l\u00e4hdin<\/p>\n<p>minulla ei ole aikaa enk\u00e4 jaksa en\u00e4\u00e4 uskoa<\/p>\n<p>ett\u00e4 tehdyt virheet ovat niit\u00e4 jotka pystyisin korjaamaan<\/p>\n<p>olen kuollut kansalainen en l\u00f6yd\u00e4 syit\u00e4 osallistua<\/p>\n<p>minne kuiskauksin p\u00e4\u00e4see sielt\u00e4 tullaan huutamalla ulos<\/p>\n<p><em>maailma on h\u00e4m\u00e4r\u00e4 huone<\/em><\/p>\n<p><em>joka ajaa minut vapisemaan nurkkaan jossa sinua odotin<\/em><\/p>\n<p><em>siell\u00e4 makaan liskojeni pilkattavana<\/em><\/p>\n<p><em>ole sumuinen laulu p\u00e4\u00e4ss\u00e4 muisto aivoissa jonka kadotin<\/em><\/p>\n<ol start=\"9\">\n<li><strong> Merimies<\/strong><\/li>\n<\/ol>\n<p>Levyn p\u00e4\u00e4t\u00f6sraita, kymmenennen pudottua kokonaisuudesta lopulta pois. Kuullessani laulup\u00e4iv\u00e4n aamuna \u00e4\u00e4nitt\u00e4j\u00e4 Juhani Jokisalon biisin loppuun soittaman akustisen kitaran olin tirauttaa itkut. Biisin sielunmaisemassa on Kalevalaa, mutta tummista s\u00e4vyist\u00e4 huolimatta tunnelma on toiveikas ja lohdullinen.<\/p>\n<p>Laskin siipeni irti<\/p>\n<p>l\u00e4pi tummien vesien syvien<\/p>\n<p>vannoin<\/p>\n<p>ettei mieleni<\/p>\n<p>j\u00e4\u00e4 multiin kii<\/p>\n<p>jos uppoan pohjiin<\/p>\n<p>aika pakenee tumman veden yll\u00e4<\/p>\n<p>ja taivas on kaukana<\/p>\n<p>onko t\u00e4m\u00e4 kuolema<\/p>\n<p>nyt kun olen elossa pitk\u00e4st\u00e4 aikaa<\/p>\n<p><em>hauleihin<\/em><\/p>\n<p><em>verkkoihin<\/em><\/p>\n<p><em>niihin kaaduin ennen kuin koi<\/em><\/p>\n<p><em>aamun vei<\/em><\/p>\n<p><em>taivaan kylmyyden<\/em><\/p>\n<p><em>n\u00e4in sen viel\u00e4 kun voin<\/em><\/p>\n\n\n<p><\/p>\n","protected":false},"excerpt":{"rendered":"<p>Silm\u00e4 kuin silm\u00e4 (2019) \u00c4l\u00e4 sano ett\u00e4 maailma tuhoutuu mik\u00e4 l\u00e4htee takaisin ei tuu \u00e4l\u00e4 sano ett\u00e4 mik\u00e4\u00e4n ei kannata ett\u00e4 mit\u00e4\u00e4n ei en\u00e4\u00e4 korjata jos taivas on yll\u00e4 musta ja paniikkia on ilmassa syvemm\u00e4ll\u00e4 jatkuu matka maan p\u00e4\u00e4lt\u00e4 l\u00f6ydy ei suojaa kai v\u00e4kijoukon takana jossain muistini tuolla puolen havahdun hereille, vaikenen kalpenen, unohda en&#8230;<\/p>\n","protected":false},"author":1,"featured_media":0,"parent":0,"menu_order":0,"comment_status":"closed","ping_status":"closed","template":"","meta":{"footnotes":""},"class_list":["post-192","page","type-page","status-publish","hentry"],"_links":{"self":[{"href":"https:\/\/satakaskelottia.fi\/index.php?rest_route=\/wp\/v2\/pages\/192","targetHints":{"allow":["GET"]}}],"collection":[{"href":"https:\/\/satakaskelottia.fi\/index.php?rest_route=\/wp\/v2\/pages"}],"about":[{"href":"https:\/\/satakaskelottia.fi\/index.php?rest_route=\/wp\/v2\/types\/page"}],"author":[{"embeddable":true,"href":"https:\/\/satakaskelottia.fi\/index.php?rest_route=\/wp\/v2\/users\/1"}],"replies":[{"embeddable":true,"href":"https:\/\/satakaskelottia.fi\/index.php?rest_route=%2Fwp%2Fv2%2Fcomments&post=192"}],"version-history":[{"count":69,"href":"https:\/\/satakaskelottia.fi\/index.php?rest_route=\/wp\/v2\/pages\/192\/revisions"}],"predecessor-version":[{"id":776,"href":"https:\/\/satakaskelottia.fi\/index.php?rest_route=\/wp\/v2\/pages\/192\/revisions\/776"}],"wp:attachment":[{"href":"https:\/\/satakaskelottia.fi\/index.php?rest_route=%2Fwp%2Fv2%2Fmedia&parent=192"}],"curies":[{"name":"wp","href":"https:\/\/api.w.org\/{rel}","templated":true}]}}