{"id":755,"date":"2024-10-06T17:34:52","date_gmt":"2024-10-06T14:34:52","guid":{"rendered":"https:\/\/satakaskelottia.fi\/?page_id=755"},"modified":"2024-10-06T17:55:35","modified_gmt":"2024-10-06T14:55:35","slug":"arkisto","status":"publish","type":"page","link":"https:\/\/satakaskelottia.fi\/?page_id=755","title":{"rendered":"Arkisto"},"content":{"rendered":"\n<p><\/p>\n\n\n\n<p><strong>P\u00e4iv\u00e4kirja: Syd\u00e4n on vuori (2018)<\/strong><\/p>\n\n\n\n<p><strong>I<\/strong><\/p>\n\n\n\n<p>Hyv\u00e4\u00e4 ei kannata odottaa. Uutta materiaalia kirjoitettiin levylle kolme noin vuotta. Osa uusista kappaleista, kuten \u2019Silm\u00e4 kuin silm\u00e4\u2019, oli valmistunut jo debyytin julkaisun aikoihin, mutta muuten olimme melko tyhj\u00e4n p\u00e4\u00e4ll\u00e4. Oli irrallisia riffej\u00e4, hajanaisia lauseenparsia ja otsikoita. Albumin ytimen etsiminen osoittautui ty\u00f6l\u00e4\u00e4ksi. Mill\u00e4 kulmalla l\u00e4hte\u00e4 levyn tekoon? Mist\u00e4 hakea inspiraatiota, mik\u00e4 on ydin?<\/p>\n\n\n\n<p>Ennen vuotta 2017 Kaskelotit soittivat edellisen keikkansa 2015 lopulla. Se oli klassinen sysipime\u00e4 joulukuun keskiviikko-ilta Lahden Torvessa, jossa paikalla oli muiden yhtyeiden lis\u00e4ksi kourallinen kuulijoita. Kiitos heille! Paluumatka kului D\u00f6n Jannen kanssa pakettiautossa. Pime\u00e4\u00e4 maantiet\u00e4, k\u00e4dess\u00e4 olutt\u00f6lkki, jonka sis\u00e4lt\u00f6\u00e4 nielless\u00e4 tuli pohdittua pistokeikkojen mielekkyytt\u00e4. Toisaalta keskustelu sivusi sanoittamisen tapoja ja laulunteon filosofiaa.<\/p>\n\n\n\n<p>T\u00e4m\u00e4n albumin lauluja tehdess\u00e4 tarjolla oli noin 30\u201340 aihiota. Sek\u00e4 Kangaskoski ett\u00e4 Kauppinen suolsivat materiaalia muun yhtyeen vaivoiksi joko demoina tai treenik\u00e4mp\u00e4ll\u00e4 n\u00e4ytt\u00e4en. Osa hyl\u00e4ttiin suoraan tai vaiettiin kuoliaaksi, toiset sinnitteliv\u00e4t mukana loppuun asti. Yli j\u00e4i jonkinlainen m\u00e4\u00e4r\u00e4 k\u00e4ytt\u00f6kelpoisia riffej\u00e4 ja muutama valmis s\u00e4velm\u00e4.<\/p>\n\n\n\n<p>Kes\u00e4ll\u00e4 2017 Tampereella, Helsingiss\u00e4 ja Tuusulassa keikkasetti koostui k\u00e4yt\u00e4nn\u00f6ss\u00e4 uudesta materiaalista. N\u00e4ytt\u00e4\u00e4 silt\u00e4, ett\u00e4 uudet biisit ovat rokimpia kuin vanhat. Debyytin tylyyn ja raskaaseen paahtoon n\u00e4hden ulosanti on monisyisemp\u00e4\u00e4 ja repertuaari laajentunut. Luvassa ei ole ainakaan \u00e4ij\u00e4hevi\u00e4, vaan t\u00e4m\u00e4 levy tullaan laulamaan.<\/p>\n\n\n\n<p>\u00c4\u00e4nitykset starttasivat kes\u00e4kuun 2017 alussa Aki Ekqvistin johdolla. Aki on muun muassa Portion Boys ja Pasi ja Anssi -kokoonpanoista tuttu musiikillinen nero, \u00e4\u00e4nien paroni ja rytmin suurvisiiri.<\/p>\n\n\n\n<p>Pystytimme laitteiston harjoitustilaamme Herttoniemen teollisuusalueella. Viikonlopun tavoitteena oli taltioida kaikki levylle tulevat rummut. Koko yhtye osallistui \u00e4\u00e4nityksiin. Soitimme kitarat liven\u00e4 suoraan linjaan Salosen kuulokkeisiin, mist\u00e4 j\u00e4i talteen my\u00f6s pilottiraidat jatko\u00e4\u00e4nityksi\u00e4 ajatellen. Ty\u00f6tapa vaatii rumpalilta paljon, mutta lopputulos on dynaaminen. Nauhalle j\u00e4\u00e4 livesoiton energiaa.<\/p>\n\n\n\n<p>Ongelmiakin oli, my\u00f6s muita kuin soitannollisia. Tilassa on nimitt\u00e4in heikko happi. Viereisist\u00e4 huoneista kulkeutuu hengistysilmaan pakokaasuja ja tupakansavua. V\u00e4lill\u00e4 rumputaiteilija joutui ottamaan happea kunnolla. Makuulle sein\u00e4\u00e4 vasten ja jalat ilmaan. Tai sitten kokonaan ulos. Salonen selvisi urakasta lopulta kunnialla, ja nauhoista tuli onnistuneet.<\/p>\n\n\n\n<p>Viikonlopun saldo: 12 rumpuraitaa, yksi kuollut rumpali. T\u00e4m\u00e4 levyn teko on Oxus-jokea seuraavan kirotun kuninkaan vaellus.<\/p>\n\n\n\n<p>Ja matka on vasta alussa.<\/p>\n\n\n\n<figure class=\"wp-block-embed is-type-video is-provider-youtube wp-block-embed-youtube wp-embed-aspect-16-9 wp-has-aspect-ratio\"><div class=\"wp-block-embed__wrapper\">\n<iframe loading=\"lazy\" title=\"Sata kaskelottia \u2013 Rumpusessiot 2.6.\u20134.6.2017\" width=\"700\" height=\"394\" src=\"https:\/\/www.youtube.com\/embed\/1yiTWbVcx80?feature=oembed\" frameborder=\"0\" allow=\"accelerometer; autoplay; clipboard-write; encrypted-media; gyroscope; picture-in-picture; web-share\" referrerpolicy=\"strict-origin-when-cross-origin\" allowfullscreen><\/iframe>\n<\/div><\/figure>\n\n\n\n<p><\/p>\n\n\n\n<p><strong>II<\/strong><\/p>\n\n\n\n<p>Genre.<\/p>\n\n\n\n<p>Mik\u00e4 se on?<\/p>\n\n\n\n<p>Iron Maiden on ep\u00e4ilem\u00e4tt\u00e4 heavy metallia. Onko uusi Mastodon sit\u00e4? Ent\u00e4 CMX? Onko Sata kaskelottia metallia?<\/p>\n\n\n\n<p>Kuulijalle genre on odotushorisontti, muusikolle se on kehikon reunat.<\/p>\n\n\n\n<p>Uusi materiaalimme on monipuolisempaa, oudompaa, melodisempaa kuin vanha. Siin\u00e4 on kaikuja monesta, mit\u00e4 kukin tahoillamme kuuntelemme. Sointi on saanut ilmaa alleen. Genre on jotain, mik\u00e4 m\u00e4\u00e4rittyy j\u00e4lkik\u00e4teen, jos ajattelee esimerkiksi grungea ja brittipoppia. En sijoittaisi Kaskelotteja mihink\u00e4\u00e4n \u201dgenreen\u201d. Koen, ett\u00e4 teemme yksinkertaisesti rockmusiikkia.<\/p>\n\n\n\n<p>Aki Ekqvistin studio sijaitsee Kruununhaassa. CV:n perusteella Ekqvist ei ollut levyn \u00e4\u00e4nitt\u00e4j\u00e4-tuottajaksi mitenk\u00e4\u00e4n ilmeinen valinta. Sama mies tekee p\u00e4\u00e4asiassa t\u00e4m\u00e4n p\u00e4iv\u00e4n poppia ja vaikuttaa tyylillisesti Kaskeloteista kaukana olevissa Portion Boys ja Pasi ja Anssi -kokoonpanoissa. Molemmat artistit keikkuivat kes\u00e4ll\u00e4 2017 striimatuimpien suomalaisten dance-aktien k\u00e4rjess\u00e4.<\/p>\n\n\n\n<p>Keikkuivatko Kaskelotit siell\u00e4?<\/p>\n\n\n\n<p>Aki oli vastannut aiemmin Spurgumin levyn \u00e4\u00e4nityksist\u00e4, mit\u00e4 kautta h\u00e4n oli valmiiksi tuttu ja valikoitui luontevasti tuottamaan Kaskelotteja. Spurgumia tehdess\u00e4 yhteisty\u00f6 oli osoittautunut helpoksi ja vaivattomaksi. Aki on leppoisa mutta piinkova ammattilainen, jolla on kyky saada artisti \u00e4\u00e4nitystilanteessa rentoutumaan.<\/p>\n\n\n\n<p>T\u00e4ss\u00e4 on Aki.<\/p>\n\n\n\n<figure class=\"wp-block-image\"><img loading=\"lazy\" decoding=\"async\" width=\"200\" height=\"300\" src=\"http:\/\/satakaskelottia.fi\/wp-content\/uploads\/Aki-200x300.jpg\" alt=\"\" class=\"wp-image-510\" srcset=\"https:\/\/satakaskelottia.fi\/wp-content\/uploads\/Aki-200x300.jpg 200w, https:\/\/satakaskelottia.fi\/wp-content\/uploads\/Aki.jpg 640w\" sizes=\"auto, (max-width: 200px) 100vw, 200px\" \/><\/figure>\n\n\n\n<p>Se, ett\u00e4 onnistuu riitaantumaan h\u00e4nen kanssaan, vaatii taitoa.<\/p>\n\n\n\n<p>Onko Markku Suoniemell\u00e4 tuo taito?<\/p>\n\n\n\n<p>Markku liittyi yhtyeeseen alun perin tuuratakseen Kaskelottien alkuper\u00e4ist\u00e4 basistia Jugea. H\u00e4n on suoraviivaisempi soittaja, mik\u00e4 tuo musiikkiimme uudenlaista ryhti\u00e4. Lis\u00e4ksi h\u00e4nell\u00e4 on auto, mik\u00e4 on t\u00e4ss\u00e4 orkesterissa meriitti.<\/p>\n\n\n\n<p>Markku aloitti levyn bassojen \u00e4\u00e4nitykset Ekqvistin kanssa loppukes\u00e4st\u00e4. \u00c4\u00e4nityksi\u00e4 tehtiin k\u00e4yt\u00e4nn\u00f6ss\u00e4 Suoniemen ty\u00f6p\u00e4ivien j\u00e4lkeen, mik\u00e4 takasi j\u00e4nnitteen tilanteen onnistumismahdollisuuksien ja v\u00e4symyksen v\u00e4liselle tasapainoilulle. Osa kappaleista meni sukkana sis\u00e4\u00e4n, mutta osaa jouduttiin todella hinkkaamaan, kuten ehk\u00e4 44 kertaa yritetyn nopeatempoisen \u2019Parantajan\u2019 alun rytmityksi\u00e4.<\/p>\n\n\n\n<p>Suoniemi tallensi bassot lopulta muutaman p\u00e4iv\u00e4n aikana. K\u00e4yt\u00f6ss\u00e4 oli kaksi ominaisuuksiltaan erilaista soitinta, joista kumpikin toi ty\u00f6n alla olleeseen s\u00e4velm\u00e4\u00e4n sen vaatiman luonteen. Talteen otettiin sek\u00e4 suora signaali linjaan ett\u00e4 Tech 21 Bass Fly Rigin molestoima \u00e4\u00e4niraita.<\/p>\n\n\n\n<figure class=\"wp-block-image\"><img loading=\"lazy\" decoding=\"async\" width=\"300\" height=\"186\" src=\"http:\/\/satakaskelottia.fi\/wp-content\/uploads\/Markku-3-300x186.png\" alt=\"\" class=\"wp-image-513\" srcset=\"https:\/\/satakaskelottia.fi\/wp-content\/uploads\/Markku-3-300x186.png 300w, https:\/\/satakaskelottia.fi\/wp-content\/uploads\/Markku-3-768x475.png 768w, https:\/\/satakaskelottia.fi\/wp-content\/uploads\/Markku-3-700x433.png 700w, https:\/\/satakaskelottia.fi\/wp-content\/uploads\/Markku-3.png 1552w\" sizes=\"auto, (max-width: 300px) 100vw, 300px\" \/><\/figure>\n\n\n\n<p>Kitara\u00e4\u00e4nitysten alkaessa syyskuun puoliv\u00e4liss\u00e4 kaikki kuulosti hyv\u00e4lt\u00e4. Toisissa py\u00f6re\u00e4\u00e4 ja l\u00e4mmint\u00e4, toisissa soratiell\u00e4 ajavan kuorma-auton lailla kolisevaa isoa bassoa.<\/p>\n\n\n\n<p><strong>III<\/strong><\/p>\n\n\n\n<p>Kerrontamuoto vaihtuu preesensiin. Saavumme Matin kanssa torstai-iltana syyskuun lopulla Kruununhaan studiolle laitteet ja soittimet mukanamme. Kadulla odottelee minisikaria tuprutteleva Aki. Kannamme tavarat sis\u00e4pihan laidalla sijaitsevaan studiotilaan, joka on vuorattu Lauri T\u00e4hk\u00e4n ja Hanna Pakarisen kultalevyill\u00e4. Studiolla on nuoresta i\u00e4st\u00e4\u00e4n huolimatta jo historiaa. T\u00e4m\u00e4n vuoden aikana t\u00e4\u00e4ll\u00e4 on laulanut muun muassa Pandora!<\/p>\n\n\n\n<p>Kitarasoundi on meid\u00e4nlaistamme musiikkia tekevien yhtyeiden prioriteetteja. Siin\u00e4 haluaa l\u00f6yt\u00e4\u00e4 tuoreen kulman, vaikka referenssej\u00e4k\u00e4\u00e4n on turha kielt\u00e4\u00e4. Ensimm\u00e4inen ilta menee etsiess\u00e4 soundia levyn todenn\u00e4k\u00f6iseen avausraitaan \u2019Aamumandaatti\u2019, jossa on kaikuja niin Baronessista, Mastodonista kuin jonkinlaisesta westernin apokalyptisest\u00e4 haaksirikosta kaukana l\u00e4ntisen sivilisaation reunalla. Haemme \u00e4\u00e4nikuvaan tietty\u00e4 kuivakkaa romuluisuutta, joka on kai kiteytynyt hard rockin arkkityypiksi sitten 70-luvun alun. Marshallin ja Laneyn pyh\u00e4 liitto osoittautuu t\u00e4ss\u00e4 oikeaksi. Erilaisia vahvistimia on studiolla omiemme lis\u00e4ksi liuta.<\/p>\n\n\n\n<p>Akilla on Lauri T\u00e4hk\u00e4n kokoonpanossa vaikuttavan kitaristin Jaakko K\u00e4\u00e4ri\u00e4isen kanssa vakiintunut tapa antaa soittajan kokeilla villeimpi\u00e4 ideoitaan: \u201dKerran saat yritt\u00e4\u00e4, sen j\u00e4lkeen et.\u201d T\u00e4m\u00e4 kaava ei valitettavasti tule meid\u00e4n kanssamme p\u00e4tem\u00e4\u00e4n.<\/p>\n\n\n\n<p>Kokoonnumme studiolle seuraavana aamuna. Laitamme kahvin kiehumaan ja aloitamme Aamumandaatilla. Soitamme Matin kanssa nauhalle yht\u00e4 aikaa. Biisi vaatii paljon efektien vaihdoksia, joten etenemme osa kerrallaan. Ratkaisu on hyv\u00e4, ja saamme kappaleen nauhalle jota kuinkin lounasaikaan menness\u00e4. T\u00e4ss\u00e4 vaiheessa raidoille taltioituu paljon uusia ideoita, joita ei talven demovaiheessa viel\u00e4 edes kokeiltu.<\/p>\n\n\n\n<p>Iltap\u00e4iv\u00e4ll\u00e4 jatkamme kappaleella \u2019Silm\u00e4 kuin silm\u00e4\u2019. Kitarat soitetaan sis\u00e4\u00e4n samalla kombinaatiolla. Biisi on jo muutaman vuoden ik\u00e4inen, ja se kuulostaa allekirjoittaneen korvissa t\u00e4ysin Foo Fightersilta. T\u00e4m\u00e4 on siin\u00e4 mieless\u00e4 j\u00e4nnitt\u00e4v\u00e4 yksityiskohta, ett\u00e4 siihen kitarariffit s\u00e4velt\u00e4nyt Matti ei varsinaisesti pid\u00e4 kyseisest\u00e4 yhtyeest\u00e4.<\/p>\n\n\n\n<figure class=\"wp-block-image\"><img loading=\"lazy\" decoding=\"async\" width=\"300\" height=\"300\" src=\"http:\/\/satakaskelottia.fi\/wp-content\/uploads\/insta-1-1-300x300.jpg\" alt=\"\" class=\"wp-image-553\" srcset=\"https:\/\/satakaskelottia.fi\/wp-content\/uploads\/insta-1-1-300x300.jpg 300w, https:\/\/satakaskelottia.fi\/wp-content\/uploads\/insta-1-1-150x150.jpg 150w, https:\/\/satakaskelottia.fi\/wp-content\/uploads\/insta-1-1-768x767.jpg 768w, https:\/\/satakaskelottia.fi\/wp-content\/uploads\/insta-1-1-700x699.jpg 700w, https:\/\/satakaskelottia.fi\/wp-content\/uploads\/insta-1-1.jpg 2048w\" sizes=\"auto, (max-width: 300px) 100vw, 300px\" \/><\/figure>\n\n\n\n<p>P\u00e4iv\u00e4t seuraavat toisiaan ripottain ja sotkeutuvat muistissa sekavaksi massaksi. On rockorientoitunutta materiaalia, kuten \u2019Parantaja\u2019, ja toisaalta hevimp\u00e4\u00e4n tuotantoon viittaavia biisej\u00e4, kuten \u2019P\u00e4ivien kuningas\u2019, \u2019Leskentekij\u00e4\u2019 ja ty\u00f6nimell\u00e4 \u2019Suokoira\u2019 kulkeva teos, jossa kappaleen aloittavaan stoner-riffiin yhdistyy ripaus Thin Lizzy\u00e4 ja myrskyn lailla repe\u00e4v\u00e4 loppuosa. T\u00e4ss\u00e4 vaiheessa ty\u00f6nimell\u00e4 \u2019Portinvartija\u2019 kulkeva s\u00e4vellys, josta t\u00e4m\u00e4n luvun yhteydess\u00e4 oleva videoklippi on, flirttailee jonnekin Kingston Wallin ja Opethin suuntaan. \u2019Lumimies\u2019 taas vie kuulijansa unen oudon verhon ohuelle rajalle, jota seuraa massiivinen, juhlava lopetus ja pyyhkiytyy paraatina kaiken el\u00e4v\u00e4n ylitse.<\/p>\n\n\n\n<p>T\u00e4ss\u00e4 vaiheessa, marraskuun loppupuolella, levyn s\u00e4hk\u00f6kitarat alkavat olla \u00e4\u00e4nitettyin\u00e4. Seuraavaksi vuorossa ovat akustiset kitarat, joiden j\u00e4lkeen tulevat viel\u00e4 perkussiot ja aina yht\u00e4 ty\u00f6l\u00e4\u00e4t vokaalit. On aika viimeistell\u00e4 levyn sanoitukset ja l\u00f6yt\u00e4\u00e4 albumille nimi.<\/p>\n\n\n\n<figure class=\"wp-block-embed is-type-video is-provider-youtube wp-block-embed-youtube wp-embed-aspect-16-9 wp-has-aspect-ratio\"><div class=\"wp-block-embed__wrapper\">\n<iframe loading=\"lazy\" title=\"Sata kaskelottia - Kitara\u00e4\u00e4nitykset 2017\" width=\"700\" height=\"394\" src=\"https:\/\/www.youtube.com\/embed\/0i-bkZvrBhU?feature=oembed\" frameborder=\"0\" allow=\"accelerometer; autoplay; clipboard-write; encrypted-media; gyroscope; picture-in-picture; web-share\" referrerpolicy=\"strict-origin-when-cross-origin\" allowfullscreen><\/iframe>\n<\/div><\/figure>\n\n\n\n<p><\/p>\n\n\n\n<p><strong>IV<\/strong><\/p>\n\n\n\n<p>Rooman l\u00e4pi virtaa Tiberjoki. Se on saastainen, ruskea ja hidasliikkeinen. Joen yll\u00e4 leijuu muinaisen suurkaupungin kangerteleva ja ummehtunut mutta arvoituksellinen tuoksu. Se on samaan aikaan sek\u00e4 luotaanty\u00f6nt\u00e4v\u00e4 ett\u00e4 houkutteleva. Niin kuin Kaskelottien musiikin melankolinen ja odottamaton kutsu seremoniaan, joka tapahtui kenties liian kauan sitten, tai jota ei ehk\u00e4 tapahtunut koskaan.<\/p>\n\n\n\n<p>Kirjoitan t\u00e4t\u00e4 uudenvuoden aikoihin Roomassa. Meinasin j\u00e4\u00e4d\u00e4 jo auton alle, ensimm\u00e4isen\u00e4 iltana ylitt\u00e4ess\u00e4ni suojatiet\u00e4 vihre\u00e4n valon palaessa. S\u00e4\u00e4rten ja nilkkojen kohdalta vihelsi kuuma aalto kuin luoti.<\/p>\n\n\n\n<p>Loppu h\u00e4\u00e4m\u00f6tt\u00e4\u00e4.<\/p>\n\n\n\n<figure class=\"wp-block-image\"><img loading=\"lazy\" decoding=\"async\" width=\"300\" height=\"225\" src=\"http:\/\/satakaskelottia.fi\/wp-content\/uploads\/Tiber-300x225.jpg\" alt=\"\" class=\"wp-image-579\" srcset=\"https:\/\/satakaskelottia.fi\/wp-content\/uploads\/Tiber-300x225.jpg 300w, https:\/\/satakaskelottia.fi\/wp-content\/uploads\/Tiber-768x576.jpg 768w, https:\/\/satakaskelottia.fi\/wp-content\/uploads\/Tiber-700x525.jpg 700w\" sizes=\"auto, (max-width: 300px) 100vw, 300px\" \/><\/figure>\n\n\n\n<p>Kun aloimme tehd\u00e4 ensimm\u00e4isi\u00e4 lauluottoja Kruununhaan studiolla joulukuun alkupuolella, Akin hermot olivat kuin suuri joki: alati koetuksella mutta jatkuvista muutoksista ja uudelleenotoista piittaamattomat. Ne imiv\u00e4t sis\u00e4\u00e4ns\u00e4 suunnattomat m\u00e4\u00e4r\u00e4t saastaa ja kuljettivat pois jonnekin, miss\u00e4 vedet kirkastuvat. Kenties \u00e4\u00e4neni loputon alavireisyys, k\u00e4heys ja ailahteleva vireystasoni johtivat kollektiiviiseen korvak\u00e4yt\u00e4vien ummetustilaan, joka antoi paljon anteeksi, mutta joka ei koskaan unohda.<\/p>\n\n\n\n<p>Studiossa laulaessa ihminen katoaa astraaliseen tuubiin, joka muistuttaa ruumiista irtautumista. Ei sill\u00e4, ett\u00e4 j\u00e4lkimm\u00e4isest\u00e4 olisi kokemusta. Suoritus tulee jostain syv\u00e4lt\u00e4 selk\u00e4ytimest\u00e4 ja tapahtuu autopilotilla. Kolmen, nelj\u00e4n tunnin kopissa olon j\u00e4lkeen on kuin turpasaunassa piesty: ei muista kuka on, mik\u00e4 viikonp\u00e4iv\u00e4 ja planeetta.<\/p>\n\n\n\n<p>Mit\u00e4 nyt joutuu tunnin v\u00e4lein ramppaamaan vessassa, sill\u00e4 laulaessa kuluu vett\u00e4.<\/p>\n\n\n\n<figure class=\"wp-block-image\"><img loading=\"lazy\" decoding=\"async\" width=\"300\" height=\"300\" src=\"http:\/\/satakaskelottia.fi\/wp-content\/uploads\/Mikrofoni-300x300.jpg\" alt=\"\" class=\"wp-image-580\" srcset=\"https:\/\/satakaskelottia.fi\/wp-content\/uploads\/Mikrofoni-300x300.jpg 300w, https:\/\/satakaskelottia.fi\/wp-content\/uploads\/Mikrofoni-150x150.jpg 150w, https:\/\/satakaskelottia.fi\/wp-content\/uploads\/Mikrofoni-768x768.jpg 768w, https:\/\/satakaskelottia.fi\/wp-content\/uploads\/Mikrofoni-700x700.jpg 700w\" sizes=\"auto, (max-width: 300px) 100vw, 300px\" \/><\/figure>\n\n\n\n<p>Kaikki mik\u00e4 studiossa tapahtuu m\u00e4\u00e4ritt\u00e4\u00e4 lopulta kappaleen arvon \u2013 miksauksesta puhumattakaan. Hyv\u00e4t s\u00e4vellykset on helppo s\u00f6ssi\u00e4 ja sellaiset, joissa ei kenties aiemmin ole ollut riitt\u00e4v\u00e4\u00e4 henke\u00e4, saavat uuden el\u00e4m\u00e4n. Nuottipaperi ei riit\u00e4, kysymys on \u00e4\u00e4nentaajuuksista, fysiikasta. Temmoista ja tunteesta \u2013 energiasta. T\u00e4m\u00e4 on t\u00e4ss\u00e4 ajassa ja t\u00e4m\u00e4n ajan v\u00e4linein toteutettua rock &#8217;n&#8217; roll -musiikkia. Siin\u00e4 on soittaja l\u00e4sn\u00e4 kaikkine puutteineen.<\/p>\n\n\n\n<p>Albumi julkaistaan maaliskuun 16. Sen nimeksi tulee <em>Syd\u00e4n on vuori.<\/em><\/p>\n\n\n\n<p>Toivomme, ett\u00e4 pid\u00e4tte siit\u00e4.<\/p>\n\n\n\n<p>Kunnes katoamme j\u00e4lleen y\u00f6n mustaan kudokseen.<\/p>\n","protected":false},"excerpt":{"rendered":"<p>P\u00e4iv\u00e4kirja: Syd\u00e4n on vuori (2018) I Hyv\u00e4\u00e4 ei kannata odottaa. Uutta materiaalia kirjoitettiin levylle kolme noin vuotta. Osa uusista kappaleista, kuten \u2019Silm\u00e4 kuin silm\u00e4\u2019, oli valmistunut jo debyytin julkaisun aikoihin, mutta muuten olimme melko tyhj\u00e4n p\u00e4\u00e4ll\u00e4. Oli irrallisia riffej\u00e4, hajanaisia lauseenparsia ja otsikoita. Albumin ytimen etsiminen osoittautui ty\u00f6l\u00e4\u00e4ksi. Mill\u00e4 kulmalla l\u00e4hte\u00e4 levyn tekoon? Mist\u00e4 hakea&#8230;<\/p>\n","protected":false},"author":1,"featured_media":0,"parent":0,"menu_order":0,"comment_status":"closed","ping_status":"closed","template":"","meta":{"footnotes":""},"class_list":["post-755","page","type-page","status-publish","hentry"],"_links":{"self":[{"href":"https:\/\/satakaskelottia.fi\/index.php?rest_route=\/wp\/v2\/pages\/755","targetHints":{"allow":["GET"]}}],"collection":[{"href":"https:\/\/satakaskelottia.fi\/index.php?rest_route=\/wp\/v2\/pages"}],"about":[{"href":"https:\/\/satakaskelottia.fi\/index.php?rest_route=\/wp\/v2\/types\/page"}],"author":[{"embeddable":true,"href":"https:\/\/satakaskelottia.fi\/index.php?rest_route=\/wp\/v2\/users\/1"}],"replies":[{"embeddable":true,"href":"https:\/\/satakaskelottia.fi\/index.php?rest_route=%2Fwp%2Fv2%2Fcomments&post=755"}],"version-history":[{"count":3,"href":"https:\/\/satakaskelottia.fi\/index.php?rest_route=\/wp\/v2\/pages\/755\/revisions"}],"predecessor-version":[{"id":763,"href":"https:\/\/satakaskelottia.fi\/index.php?rest_route=\/wp\/v2\/pages\/755\/revisions\/763"}],"wp:attachment":[{"href":"https:\/\/satakaskelottia.fi\/index.php?rest_route=%2Fwp%2Fv2%2Fmedia&parent=755"}],"curies":[{"name":"wp","href":"https:\/\/api.w.org\/{rel}","templated":true}]}}